{"id":2734,"date":"2018-05-08T16:09:51","date_gmt":"2018-05-08T14:09:51","guid":{"rendered":"http:\/\/dev2018.olsbergs.se\/?page_id=2734"},"modified":"2023-01-23T09:58:08","modified_gmt":"2023-01-23T08:58:08","slug":"company-history","status":"publish","type":"page","link":"https:\/\/www.olsbergs.se\/en\/olsbergs-hiab-provider-smart-solution\/company-history\/","title":{"rendered":"Company history"},"content":{"rendered":"<h3>From castings of cannons and wood-burning stoves to electro-hydraulic control systems.<\/h3>\n<p>The foundry tradition in Olsbergs&#8217; dates back to the 30 Years War in the 17th century and the arrival of valons to Sweden and has since been passed on in the Henriksson family until the take-over by Hiab in 2022. In year 1906 foundry man Emil Henriksson bought a plot of land that was parcelled off from the soldier&#8217;s kroft called Olsbergs in the industrial community Bruzaholm in the municipality of Eksj\u00f6. He built a foundry there named Olsbergs Gjuteri.<\/p>\n<p><img loading=\"lazy\" decoding=\"async\" class=\"alignnone wp-image-3031 size-full\" src=\"http:\/\/www.olsbergs.se\/wp-content\/uploads\/foretagshistoria_spis.jpg\" alt=\"\" width=\"1440\" height=\"550\" srcset=\"https:\/\/www.olsbergs.se\/wp-content\/uploads\/foretagshistoria_spis.jpg 1440w, https:\/\/www.olsbergs.se\/wp-content\/uploads\/foretagshistoria_spis-300x115.jpg 300w, https:\/\/www.olsbergs.se\/wp-content\/uploads\/foretagshistoria_spis-768x293.jpg 768w, https:\/\/www.olsbergs.se\/wp-content\/uploads\/foretagshistoria_spis-1024x391.jpg 1024w\" sizes=\"auto, (max-width: 1440px) 100vw, 1440px\" \/>Olsbergs Gjuteri was a traditional foundry at that time and produced a variety of castings such as wood-burning stoves, cooking pots and watering troughs to meet the needs of the surrounding country side.<\/p>\n<p>&nbsp;<\/p>\n<h4>New era in Olsbergs history started in year 1960 &#8211; from traditional foundry to precision casting foundry<\/h4>\n<p>In year 1960 the grandson G\u00f6ran Henriksson took over Olsbergs Gjuteri and back then there were more than 200 foundries in Sweden with similar products and he realised quickly the need of specialization and development of the business in order for the company to survive. The introduction of the so-called &#8220;shell moulding method&#8221; created the conditions for production of castings with complicated designs like valve housing to hydraulic valves and opened new business opportunity.<\/p>\n<p><img loading=\"lazy\" decoding=\"async\" class=\"alignnone wp-image-2876 size-full\" src=\"http:\/\/www.olsbergs.se\/wp-content\/uploads\/skalformning-1.jpg\" alt=\"\" width=\"1440\" height=\"500\" srcset=\"https:\/\/www.olsbergs.se\/wp-content\/uploads\/skalformning-1.jpg 1440w, https:\/\/www.olsbergs.se\/wp-content\/uploads\/skalformning-1-300x104.jpg 300w, https:\/\/www.olsbergs.se\/wp-content\/uploads\/skalformning-1-768x267.jpg 768w, https:\/\/www.olsbergs.se\/wp-content\/uploads\/skalformning-1-1024x356.jpg 1024w\" sizes=\"auto, (max-width: 1440px) 100vw, 1440px\" \/>By the early 70s the little foundry&#8217;s speciality was widely known beyond the nation&#8217;s borders and the major part of customer-specific valve casting production was exported, some to Europe but most to the USA.<\/p>\n<p>&nbsp;<\/p>\n<h4>Olsbergs Hydraulics AB is started in 1976 in Eksj\u00f6<\/h4>\n<p>Through his contacts in hydraulic industry G\u00f6ran Henriksson, with great passion for quality and problem solution and combined with enormous driving force, innovative thinking and vision realised that there was potential for product development in the business. The new ideas were put on paper and the prototype for the first of Olsbergs&#8217; new valves was manufactured in the foundry&#8217;s existing premises in Bruzaholm.<\/p>\n<p><img loading=\"lazy\" decoding=\"async\" class=\"alignnone wp-image-2899 size-full\" src=\"http:\/\/www.olsbergs.se\/wp-content\/uploads\/olsbergshydraulics_old.jpg\" alt=\"\" width=\"1440\" height=\"550\" srcset=\"https:\/\/www.olsbergs.se\/wp-content\/uploads\/olsbergshydraulics_old.jpg 1440w, https:\/\/www.olsbergs.se\/wp-content\/uploads\/olsbergshydraulics_old-300x115.jpg 300w, https:\/\/www.olsbergs.se\/wp-content\/uploads\/olsbergshydraulics_old-768x293.jpg 768w, https:\/\/www.olsbergs.se\/wp-content\/uploads\/olsbergshydraulics_old-1024x391.jpg 1024w\" sizes=\"auto, (max-width: 1440px) 100vw, 1440px\" \/>In year 1976 the subsidiary Olsbergs Hydraulics AB with location in Eksj\u00f6. The company erected a new building that same year for the development and production of hydraulic valves primarily for mobile equipment applications.<\/p>\n<p>&nbsp;<\/p>\n<h4>The first remotely controlled electro-hydraulic control system<\/h4>\n<p>Further development continued in Eksj\u00f6 for a full four years and the new valve proved to meet and exceed expectations.<strong><br \/>\n<\/strong>Olsbergs valve was load-sensing and equipped electric actuators and thereby possible to control remotely from a separate operator position.<\/p>\n<p>Since\u00a0<span title=\"Eftersom styrspakar inte var tillg\u00e4ngliga p\u00e5 marknaden blev det n\u00f6dv\u00e4ndigt att konstruera egna s\u00e5dana och d\u00e4rmed blev f\u00f6retaget ocks\u00e5 tillverkare av elektronik.\">joysticks were not available in the market, it became necessary to develop and design own joysticks and thus the company also became manufacturer of electronics<\/span>.<\/p>\n<p><img loading=\"lazy\" decoding=\"async\" class=\"alignnone wp-image-2916 size-full\" src=\"http:\/\/www.olsbergs.se\/wp-content\/uploads\/historiskt-skogssystem.jpg\" alt=\"\" width=\"1440\" height=\"550\" srcset=\"https:\/\/www.olsbergs.se\/wp-content\/uploads\/historiskt-skogssystem.jpg 1440w, https:\/\/www.olsbergs.se\/wp-content\/uploads\/historiskt-skogssystem-300x115.jpg 300w, https:\/\/www.olsbergs.se\/wp-content\/uploads\/historiskt-skogssystem-768x293.jpg 768w, https:\/\/www.olsbergs.se\/wp-content\/uploads\/historiskt-skogssystem-1024x391.jpg 1024w\" sizes=\"auto, (max-width: 1440px) 100vw, 1440px\" \/>The year 1980 Olsbergs was trusted to deliver a first complete electro-hydraulic system to a manufacturer of forestry equipment.<br \/>\n<span class=\"hps\">Product development of electronics has\u00a0mainly shifted to<\/span>\u00a0<span class=\"hps\">systems where the driver manoeuvres\u00a0the<\/span>\u00a0<span class=\"hps\">truck-mounted<\/span>\u00a0<span class=\"hps\">crane from<\/span>\u00a0<span class=\"hps\">a distance by means of a radio remote controller.<\/span><\/p>\n<p>&nbsp;<\/p>\n<h4>Olsbergs introduces its own radio and radio remote control system<\/h4>\n<p>F<span class=\"hps\">irst\u00a0the data was transfer<\/span>\u00a0via\u00a0<span class=\"hps\">cable<\/span>, but since\u00a0<span class=\"hps\">1992, when<\/span>\u00a0<span class=\"hps\">Olsbergs<\/span>\u00a0<span class=\"hps\">introduced its own developed\u00a0radio,<\/span>\u00a0<span class=\"hps\">the driver has<\/span>\u00a0<span class=\"hps\">full freedom to move around\u00a0<\/span>while operating the crane.<\/p>\n<p><img loading=\"lazy\" decoding=\"async\" class=\"alignnone wp-image-2924 size-full\" src=\"http:\/\/www.olsbergs.se\/wp-content\/uploads\/radiosystem-1.jpg\" alt=\"\" width=\"1440\" height=\"550\" srcset=\"https:\/\/www.olsbergs.se\/wp-content\/uploads\/radiosystem-1.jpg 1440w, https:\/\/www.olsbergs.se\/wp-content\/uploads\/radiosystem-1-300x115.jpg 300w, https:\/\/www.olsbergs.se\/wp-content\/uploads\/radiosystem-1-768x293.jpg 768w, https:\/\/www.olsbergs.se\/wp-content\/uploads\/radiosystem-1-1024x391.jpg 1024w\" sizes=\"auto, (max-width: 1440px) 100vw, 1440px\" \/>The number of remote systems increased from year to year and the systems became more complex, with more and more electronics.<br \/>\nI<span title=\"\u00c5r 1996 grundades d\u00e4rf\u00f6r Olsbergs Electronics som etablerade sin verksamhet i Vallentuna utanf\u00f6r Stockholm.\">n 1996, Olsbergs Electronics was founded, and the its operations was established in Vallentuna outside Stockholm\u00a0<span title=\"Utveckling och tillverkning av elektronik flyttades d\u00e4rmed successivt \u00f6ver till Vallentuna fr\u00e5n Olsbergs Hydraulics i Eksj\u00f6\">to get more access to electronics and software competence.<\/span>\u00a0<\/span><span title=\"Utveckling och tillverkning av elektronik flyttades d\u00e4rmed successivt \u00f6ver till Vallentuna fr\u00e5n Olsbergs Hydraulics i Eksj\u00f6\">Step by step the development and manufacturing of electronics were moved there from Olsbergs Hydraulics in Eksj\u00f6.<\/span><\/p>\n<h4><\/h4>\n<p>&nbsp;<\/p>\n<h4><img loading=\"lazy\" decoding=\"async\" class=\"alignnone wp-image-3574 size-full\" src=\"http:\/\/www.olsbergs.se\/wp-content\/uploads\/foretagshistoria_electronicsbyggnad.jpg\" alt=\"\" width=\"1440\" height=\"550\" srcset=\"https:\/\/www.olsbergs.se\/wp-content\/uploads\/foretagshistoria_electronicsbyggnad.jpg 1440w, https:\/\/www.olsbergs.se\/wp-content\/uploads\/foretagshistoria_electronicsbyggnad-300x115.jpg 300w, https:\/\/www.olsbergs.se\/wp-content\/uploads\/foretagshistoria_electronicsbyggnad-768x293.jpg 768w, https:\/\/www.olsbergs.se\/wp-content\/uploads\/foretagshistoria_electronicsbyggnad-1024x391.jpg 1024w\" sizes=\"auto, (max-width: 1440px) 100vw, 1440px\" \/><\/h4>\n<h4>Year 2006 Olsbergs Electronics AB moves into own premises<\/h4>\n<p>With increasing volumes, the company outsized the existing premises and decision was made to build a new modern plant for production of electronics.<\/p>\n<p>&nbsp;<\/p>\n<h4><img loading=\"lazy\" decoding=\"async\" class=\"alignnone wp-image-2941 size-full\" src=\"http:\/\/www.olsbergs.se\/wp-content\/uploads\/invigning-gjuteriet.jpg\" alt=\"\" width=\"1440\" height=\"550\" srcset=\"https:\/\/www.olsbergs.se\/wp-content\/uploads\/invigning-gjuteriet.jpg 1440w, https:\/\/www.olsbergs.se\/wp-content\/uploads\/invigning-gjuteriet-300x115.jpg 300w, https:\/\/www.olsbergs.se\/wp-content\/uploads\/invigning-gjuteriet-768x293.jpg 768w, https:\/\/www.olsbergs.se\/wp-content\/uploads\/invigning-gjuteriet-1024x391.jpg 1024w\" sizes=\"auto, (max-width: 1440px) 100vw, 1440px\" \/><\/h4>\n<h4>Olsbergs inaugurates a new foundry in Eksj\u00f6<\/h4>\n<p>In October 2012 Olsbergs new and state of the art foundry was inaugurated where the new generation Olsbergs valves the Q-series are produced. The foundry is located next to Olsbergs\u00a0Hydraulics for efficient logistics.<\/p>\n<p>&nbsp;<\/p>\n<h4><img loading=\"lazy\" decoding=\"async\" class=\"alignnone wp-image-2948 size-full\" src=\"http:\/\/www.olsbergs.se\/wp-content\/uploads\/goran-1.jpg\" alt=\"\" width=\"1440\" height=\"550\" srcset=\"https:\/\/www.olsbergs.se\/wp-content\/uploads\/goran-1.jpg 1440w, https:\/\/www.olsbergs.se\/wp-content\/uploads\/goran-1-300x115.jpg 300w, https:\/\/www.olsbergs.se\/wp-content\/uploads\/goran-1-768x293.jpg 768w, https:\/\/www.olsbergs.se\/wp-content\/uploads\/goran-1-1024x391.jpg 1024w\" sizes=\"auto, (max-width: 1440px) 100vw, 1440px\" \/><\/h4>\n<p>On December 21, 2012, G\u00f6ran Henriksson passed away 75 years old after a very successful carrier as entrepreneur, innovator and visionary.<\/p>\n<p>The company group Olsbergs was managed between year 2012 and year 2022 by G\u00f6ran Henriksson&#8217;s two daughters with families who have actively worked with him the latest twenty years.\u00a0 Annika Henriksson as chairman of Olsbergs and Christina Henriksson Managing Director of Olsbergs Hydraulics AB.<\/p>\n<h4>Hiab acquires Olsbergs Hydraulics and Olsbergs Electronics as of January 1, 2023<\/h4>\n<p>Hiab, Olsbergs biggest customer, acquired 100% of the shares of Olsbergs Hydraulics AB and Olsbergs Electronics AB as of January 1, 2023.<\/p>\n<p>Business\u00a0 will continue in the same spirit as before and development and innovation remain Olsbergs key words.<\/p>\n","protected":false},"excerpt":{"rendered":"<p>From castings of cannons and wood-burning stoves to electro-hydraulic control systems. The foundry tradition in Olsbergs&#8217; dates back to the 30 Years War in the 17th century and the arrival of valons to Sweden and has since been passed on in the Henriksson family until the take-over by Hiab in 2022. In year 1906 foundry [&hellip;]<\/p>\n","protected":false},"author":1,"featured_media":2790,"parent":353,"menu_order":2,"comment_status":"closed","ping_status":"closed","template":"tmpl_omoss.php","meta":{"_acf_changed":false,"footnotes":""},"class_list":["post-2734","page","type-page","status-publish","has-post-thumbnail","hentry"],"acf":[],"yoast_head":"<!-- This site is optimized with the Yoast SEO plugin v27.3 - https:\/\/yoast.com\/product\/yoast-seo-wordpress\/ -->\r\n<title>Company history &#8211; Olsbergs<\/title>\r\n<meta name=\"robots\" content=\"index, follow, max-snippet:-1, max-image-preview:large, max-video-preview:-1\" \/>\r\n<link rel=\"canonical\" href=\"https:\/\/www.olsbergs.se\/en\/olsbergs-hiab-provider-smart-solution\/company-history\/\" \/>\r\n<meta property=\"og:locale\" content=\"en_US\" \/>\r\n<meta property=\"og:type\" content=\"article\" \/>\r\n<meta property=\"og:title\" content=\"Company history &#8211; Olsbergs\" \/>\r\n<meta property=\"og:description\" content=\"From castings of cannons and wood-burning stoves to electro-hydraulic control systems. The foundry tradition in Olsbergs&#8217; dates back to the 30 Years War in the 17th century and the arrival of valons to Sweden and has since been passed on in the Henriksson family until the take-over by Hiab in 2022. In year 1906 foundry [&hellip;]\" \/>\r\n<meta property=\"og:url\" content=\"https:\/\/www.olsbergs.se\/en\/olsbergs-hiab-provider-smart-solution\/company-history\/\" \/>\r\n<meta property=\"og:site_name\" content=\"Olsbergs\" \/>\r\n<meta property=\"article:publisher\" content=\"https:\/\/www.facebook.com\/Olsbergs-Hydraulics-AB-1080687478612588\/\" \/>\r\n<meta property=\"article:modified_time\" content=\"2023-01-23T08:58:08+00:00\" \/>\r\n<meta property=\"og:image\" content=\"https:\/\/www.olsbergs.se\/wp-content\/uploads\/utvaldbild_fretagshistoria-1.jpg\" \/>\r\n\t<meta property=\"og:image:width\" content=\"1440\" \/>\r\n\t<meta property=\"og:image:height\" content=\"550\" \/>\r\n\t<meta property=\"og:image:type\" content=\"image\/jpeg\" \/>\r\n<meta name=\"twitter:card\" content=\"summary_large_image\" \/>\r\n<meta name=\"twitter:label1\" content=\"Est. reading time\" \/>\n\t<meta name=\"twitter:data1\" content=\"6 minutes\" \/>\r\n<script type=\"application\/ld+json\" class=\"yoast-schema-graph\">{\"@context\":\"https:\\\/\\\/schema.org\",\"@graph\":[{\"@type\":\"WebPage\",\"@id\":\"https:\\\/\\\/www.olsbergs.se\\\/en\\\/olsbergs-hiab-provider-smart-solution\\\/company-history\\\/\",\"url\":\"https:\\\/\\\/www.olsbergs.se\\\/en\\\/olsbergs-hiab-provider-smart-solution\\\/company-history\\\/\",\"name\":\"Company history &#8211; Olsbergs\",\"isPartOf\":{\"@id\":\"https:\\\/\\\/www.olsbergs.se\\\/en\\\/#website\"},\"primaryImageOfPage\":{\"@id\":\"https:\\\/\\\/www.olsbergs.se\\\/en\\\/olsbergs-hiab-provider-smart-solution\\\/company-history\\\/#primaryimage\"},\"image\":{\"@id\":\"https:\\\/\\\/www.olsbergs.se\\\/en\\\/olsbergs-hiab-provider-smart-solution\\\/company-history\\\/#primaryimage\"},\"thumbnailUrl\":\"https:\\\/\\\/www.olsbergs.se\\\/wp-content\\\/uploads\\\/utvaldbild_fretagshistoria-1.jpg\",\"datePublished\":\"2018-05-08T14:09:51+00:00\",\"dateModified\":\"2023-01-23T08:58:08+00:00\",\"breadcrumb\":{\"@id\":\"https:\\\/\\\/www.olsbergs.se\\\/en\\\/olsbergs-hiab-provider-smart-solution\\\/company-history\\\/#breadcrumb\"},\"inLanguage\":\"en-US\",\"potentialAction\":[{\"@type\":\"ReadAction\",\"target\":[\"https:\\\/\\\/www.olsbergs.se\\\/en\\\/olsbergs-hiab-provider-smart-solution\\\/company-history\\\/\"]}]},{\"@type\":\"ImageObject\",\"inLanguage\":\"en-US\",\"@id\":\"https:\\\/\\\/www.olsbergs.se\\\/en\\\/olsbergs-hiab-provider-smart-solution\\\/company-history\\\/#primaryimage\",\"url\":\"https:\\\/\\\/www.olsbergs.se\\\/wp-content\\\/uploads\\\/utvaldbild_fretagshistoria-1.jpg\",\"contentUrl\":\"https:\\\/\\\/www.olsbergs.se\\\/wp-content\\\/uploads\\\/utvaldbild_fretagshistoria-1.jpg\",\"width\":1440,\"height\":550},{\"@type\":\"BreadcrumbList\",\"@id\":\"https:\\\/\\\/www.olsbergs.se\\\/en\\\/olsbergs-hiab-provider-smart-solution\\\/company-history\\\/#breadcrumb\",\"itemListElement\":[{\"@type\":\"ListItem\",\"position\":1,\"name\":\"Home\",\"item\":\"https:\\\/\\\/www.olsbergs.se\\\/en\\\/\"},{\"@type\":\"ListItem\",\"position\":2,\"name\":\"About us\",\"item\":\"https:\\\/\\\/www.olsbergs.se\\\/en\\\/olsbergs-hiab-provider-smart-solution\\\/\"},{\"@type\":\"ListItem\",\"position\":3,\"name\":\"Company history\"}]},{\"@type\":\"WebSite\",\"@id\":\"https:\\\/\\\/www.olsbergs.se\\\/en\\\/#website\",\"url\":\"https:\\\/\\\/www.olsbergs.se\\\/en\\\/\",\"name\":\"Olsbergs\",\"description\":\"Ledande tillverkare av elektrohydrauliska styrsystem\",\"potentialAction\":[{\"@type\":\"SearchAction\",\"target\":{\"@type\":\"EntryPoint\",\"urlTemplate\":\"https:\\\/\\\/www.olsbergs.se\\\/en\\\/?s={search_term_string}\"},\"query-input\":{\"@type\":\"PropertyValueSpecification\",\"valueRequired\":true,\"valueName\":\"search_term_string\"}}],\"inLanguage\":\"en-US\"}]}<\/script>\r\n<!-- \/ Yoast SEO plugin. -->","yoast_head_json":{"title":"Company history &#8211; Olsbergs","robots":{"index":"index","follow":"follow","max-snippet":"max-snippet:-1","max-image-preview":"max-image-preview:large","max-video-preview":"max-video-preview:-1"},"canonical":"https:\/\/www.olsbergs.se\/en\/olsbergs-hiab-provider-smart-solution\/company-history\/","og_locale":"en_US","og_type":"article","og_title":"Company history &#8211; Olsbergs","og_description":"From castings of cannons and wood-burning stoves to electro-hydraulic control systems. The foundry tradition in Olsbergs&#8217; dates back to the 30 Years War in the 17th century and the arrival of valons to Sweden and has since been passed on in the Henriksson family until the take-over by Hiab in 2022. In year 1906 foundry [&hellip;]","og_url":"https:\/\/www.olsbergs.se\/en\/olsbergs-hiab-provider-smart-solution\/company-history\/","og_site_name":"Olsbergs","article_publisher":"https:\/\/www.facebook.com\/Olsbergs-Hydraulics-AB-1080687478612588\/","article_modified_time":"2023-01-23T08:58:08+00:00","og_image":[{"width":1440,"height":550,"url":"https:\/\/www.olsbergs.se\/wp-content\/uploads\/utvaldbild_fretagshistoria-1.jpg","type":"image\/jpeg"}],"twitter_card":"summary_large_image","twitter_misc":{"Est. reading time":"6 minutes"},"schema":{"@context":"https:\/\/schema.org","@graph":[{"@type":"WebPage","@id":"https:\/\/www.olsbergs.se\/en\/olsbergs-hiab-provider-smart-solution\/company-history\/","url":"https:\/\/www.olsbergs.se\/en\/olsbergs-hiab-provider-smart-solution\/company-history\/","name":"Company history &#8211; Olsbergs","isPartOf":{"@id":"https:\/\/www.olsbergs.se\/en\/#website"},"primaryImageOfPage":{"@id":"https:\/\/www.olsbergs.se\/en\/olsbergs-hiab-provider-smart-solution\/company-history\/#primaryimage"},"image":{"@id":"https:\/\/www.olsbergs.se\/en\/olsbergs-hiab-provider-smart-solution\/company-history\/#primaryimage"},"thumbnailUrl":"https:\/\/www.olsbergs.se\/wp-content\/uploads\/utvaldbild_fretagshistoria-1.jpg","datePublished":"2018-05-08T14:09:51+00:00","dateModified":"2023-01-23T08:58:08+00:00","breadcrumb":{"@id":"https:\/\/www.olsbergs.se\/en\/olsbergs-hiab-provider-smart-solution\/company-history\/#breadcrumb"},"inLanguage":"en-US","potentialAction":[{"@type":"ReadAction","target":["https:\/\/www.olsbergs.se\/en\/olsbergs-hiab-provider-smart-solution\/company-history\/"]}]},{"@type":"ImageObject","inLanguage":"en-US","@id":"https:\/\/www.olsbergs.se\/en\/olsbergs-hiab-provider-smart-solution\/company-history\/#primaryimage","url":"https:\/\/www.olsbergs.se\/wp-content\/uploads\/utvaldbild_fretagshistoria-1.jpg","contentUrl":"https:\/\/www.olsbergs.se\/wp-content\/uploads\/utvaldbild_fretagshistoria-1.jpg","width":1440,"height":550},{"@type":"BreadcrumbList","@id":"https:\/\/www.olsbergs.se\/en\/olsbergs-hiab-provider-smart-solution\/company-history\/#breadcrumb","itemListElement":[{"@type":"ListItem","position":1,"name":"Home","item":"https:\/\/www.olsbergs.se\/en\/"},{"@type":"ListItem","position":2,"name":"About us","item":"https:\/\/www.olsbergs.se\/en\/olsbergs-hiab-provider-smart-solution\/"},{"@type":"ListItem","position":3,"name":"Company history"}]},{"@type":"WebSite","@id":"https:\/\/www.olsbergs.se\/en\/#website","url":"https:\/\/www.olsbergs.se\/en\/","name":"Olsbergs","description":"Ledande tillverkare av elektrohydrauliska styrsystem","potentialAction":[{"@type":"SearchAction","target":{"@type":"EntryPoint","urlTemplate":"https:\/\/www.olsbergs.se\/en\/?s={search_term_string}"},"query-input":{"@type":"PropertyValueSpecification","valueRequired":true,"valueName":"search_term_string"}}],"inLanguage":"en-US"}]}},"_links":{"self":[{"href":"https:\/\/www.olsbergs.se\/en\/wp-json\/wp\/v2\/pages\/2734","targetHints":{"allow":["GET"]}}],"collection":[{"href":"https:\/\/www.olsbergs.se\/en\/wp-json\/wp\/v2\/pages"}],"about":[{"href":"https:\/\/www.olsbergs.se\/en\/wp-json\/wp\/v2\/types\/page"}],"author":[{"embeddable":true,"href":"https:\/\/www.olsbergs.se\/en\/wp-json\/wp\/v2\/users\/1"}],"replies":[{"embeddable":true,"href":"https:\/\/www.olsbergs.se\/en\/wp-json\/wp\/v2\/comments?post=2734"}],"version-history":[{"count":5,"href":"https:\/\/www.olsbergs.se\/en\/wp-json\/wp\/v2\/pages\/2734\/revisions"}],"predecessor-version":[{"id":5226,"href":"https:\/\/www.olsbergs.se\/en\/wp-json\/wp\/v2\/pages\/2734\/revisions\/5226"}],"up":[{"embeddable":true,"href":"https:\/\/www.olsbergs.se\/en\/wp-json\/wp\/v2\/pages\/353"}],"wp:featuredmedia":[{"embeddable":true,"href":"https:\/\/www.olsbergs.se\/en\/wp-json\/wp\/v2\/media\/2790"}],"wp:attachment":[{"href":"https:\/\/www.olsbergs.se\/en\/wp-json\/wp\/v2\/media?parent=2734"}],"curies":[{"name":"wp","href":"https:\/\/api.w.org\/{rel}","templated":true}]}}