{"id":347,"date":"2018-05-08T10:10:17","date_gmt":"2018-05-08T08:10:17","guid":{"rendered":"http:\/\/dev2018.olsbergs.se\/?page_id=347"},"modified":"2023-04-12T09:00:32","modified_gmt":"2023-04-12T07:00:32","slug":"contact","status":"publish","type":"page","link":"https:\/\/www.olsbergs.se\/en\/contact\/","title":{"rendered":"Contact"},"content":{"rendered":"<h2>Contact Us<\/h2>\n<p>Welcome to contact us with any questions or concerns.<\/p>\n<p>&nbsp;<\/p>\n<h4><\/h4>\n<table style=\"border-collapse: collapse; width: 100%;\" border=\"1\">\n<tbody>\n<tr>\n<td style=\"width: 50%;\">\n<h4>Olsbergs Hydraulics AB<\/h4>\n<p>Box 17<br \/>\nSE-575 21 Eksj\u00f6<br \/>\nSweden<\/p>\n<p>Tel: +46 (0)381 15075<br \/>\nE-mail: <a href=\"mailto:info.olsbergs@hiab.com\">info.olsbergs@hiab.com<\/a><\/p>\n<h5><em><strong>Delivery address:<\/strong><\/em><\/h5>\n<p>Maskingatan 3<br \/>\nSE-575 36 EKSJ\u00d6<br \/>\nSweden<\/td>\n<td style=\"width: 50%;\">\n<h4>Olsbergs Electronics AB<\/h4>\n<p>Box 267<br \/>\nSE-186 24 Vallentuna<br \/>\nSweden<\/p>\n<p>Tel: +46 (0)8 511 858 50<br \/>\nE-mail: <a href=\"mailto:info.olsbergs@hiab.com\">info.olsbergs@hiab.com<\/a><\/p>\n<h5><em><strong>Delivery address:<\/strong><\/em><\/h5>\n<p>F\u00e5gels\u00e5ngsv\u00e4gen 10<br \/>\nSE-186 42 VALLENTUNA<br \/>\nSweden<\/td>\n<\/tr>\n<\/tbody>\n<\/table>\n<p>&nbsp;<\/p>\n<script type=\"text\/javascript\">\n\/* <![CDATA[ *\/\nvar gform;gform||(document.addEventListener(\"gform_main_scripts_loaded\",function(){gform.scriptsLoaded=!0}),document.addEventListener(\"gform\/theme\/scripts_loaded\",function(){gform.themeScriptsLoaded=!0}),window.addEventListener(\"DOMContentLoaded\",function(){gform.domLoaded=!0}),gform={domLoaded:!1,scriptsLoaded:!1,themeScriptsLoaded:!1,isFormEditor:()=>\"function\"==typeof InitializeEditor,callIfLoaded:function(o){return!(!gform.domLoaded||!gform.scriptsLoaded||!gform.themeScriptsLoaded&&!gform.isFormEditor()||(gform.isFormEditor()&&console.warn(\"The use of gform.initializeOnLoaded() is deprecated in the form editor context and will be removed in Gravity Forms 3.1.\"),o(),0))},initializeOnLoaded:function(o){gform.callIfLoaded(o)||(document.addEventListener(\"gform_main_scripts_loaded\",()=>{gform.scriptsLoaded=!0,gform.callIfLoaded(o)}),document.addEventListener(\"gform\/theme\/scripts_loaded\",()=>{gform.themeScriptsLoaded=!0,gform.callIfLoaded(o)}),window.addEventListener(\"DOMContentLoaded\",()=>{gform.domLoaded=!0,gform.callIfLoaded(o)}))},hooks:{action:{},filter:{}},addAction:function(o,r,e,t){gform.addHook(\"action\",o,r,e,t)},addFilter:function(o,r,e,t){gform.addHook(\"filter\",o,r,e,t)},doAction:function(o){gform.doHook(\"action\",o,arguments)},applyFilters:function(o){return gform.doHook(\"filter\",o,arguments)},removeAction:function(o,r){gform.removeHook(\"action\",o,r)},removeFilter:function(o,r,e){gform.removeHook(\"filter\",o,r,e)},addHook:function(o,r,e,t,n){null==gform.hooks[o][r]&&(gform.hooks[o][r]=[]);var d=gform.hooks[o][r];null==n&&(n=r+\"_\"+d.length),gform.hooks[o][r].push({tag:n,callable:e,priority:t=null==t?10:t})},doHook:function(r,o,e){var t;if(e=Array.prototype.slice.call(e,1),null!=gform.hooks[r][o]&&((o=gform.hooks[r][o]).sort(function(o,r){return o.priority-r.priority}),o.forEach(function(o){\"function\"!=typeof(t=o.callable)&&(t=window[t]),\"action\"==r?t.apply(null,e):e[0]=t.apply(null,e)})),\"filter\"==r)return e[0]},removeHook:function(o,r,t,n){var e;null!=gform.hooks[o][r]&&(e=(e=gform.hooks[o][r]).filter(function(o,r,e){return!!(null!=n&&n!=o.tag||null!=t&&t!=o.priority)}),gform.hooks[o][r]=e)}});\n\/* ]]> *\/\n<\/script>\n\n                <div class='gf_browser_gecko gform_wrapper gform_legacy_markup_wrapper gform-theme--no-framework' data-form-theme='legacy' data-form-index='0' id='gform_wrapper_5' style='display:none'><div id='gf_5' class='gform_anchor' tabindex='-1'><\/div><form method='post' enctype='multipart\/form-data' target='gform_ajax_frame_5' id='gform_5'  action='\/en\/wp-json\/wp\/v2\/pages\/347#gf_5' data-formid='5' novalidate>\n                        <div class='gform-body gform_body'><ul id='gform_fields_5' class='gform_fields top_label form_sublabel_below description_below validation_below'><li id=\"field_5_11\" class=\"gfield gfield--type-html gfield_html gfield_html_formatted gfield_no_follows_desc field_sublabel_below gfield--no-description field_description_below field_validation_below gfield_visibility_visible\"  ><h4>Contact form<\/h4>\n<span class=\"form_description\">Select your subject and fill out the form and we will revert to you as soon as possible<\/span><\/li><li id=\"field_5_7\" class=\"gfield gfield--type-select gfield_contains_required field_sublabel_below gfield--no-description field_description_below hidden_label field_validation_below gfield_visibility_visible\"  ><label class='gfield_label gform-field-label' for='input_5_7'>Subject<span class=\"gfield_required\"><span class=\"gfield_required gfield_required_asterisk\">*<\/span><\/span><\/label><div class='ginput_container ginput_container_select'><select name='input_7' id='input_5_7' class='medium gfield_select'    aria-required=\"true\" aria-invalid=\"false\" ><option value='' selected='selected' class='gf_placeholder'>Subject *<\/option><option value='Product info' >Product info<\/option><option value='Quotation request' >Quotation request<\/option><option value='Support and spare parts' >Support and spare parts<\/option><option value='Web site' >Web site<\/option><option value='Miscellaneous' >Miscellaneous<\/option><\/select><\/div><\/li><li id=\"field_5_8\" class=\"gfield gfield--type-html gfield_html gfield_html_formatted gfield_no_follows_desc field_sublabel_below gfield--no-description field_description_below field_validation_below gfield_visibility_visible\"  >Do you have questions regarding support & spare parts, please check the following <a href=\"\/en\/support-and-spare-parts\/\">information<\/a> first.<\/li><li id=\"field_5_1\" class=\"gfield gfield--type-text gfield_contains_required field_sublabel_below gfield--no-description field_description_below hidden_label field_validation_below gfield_visibility_visible\"  ><label class='gfield_label gform-field-label' for='input_5_1'>Name<span class=\"gfield_required\"><span class=\"gfield_required gfield_required_asterisk\">*<\/span><\/span><\/label><div class='ginput_container ginput_container_text'><input name='input_1' id='input_5_1' type='text' value='' class='medium'    placeholder='Name *' aria-required=\"true\" aria-invalid=\"false\"   \/><\/div><\/li><li id=\"field_5_2\" class=\"gfield gfield--type-text gfield_contains_required field_sublabel_below gfield--no-description field_description_below hidden_label field_validation_below gfield_visibility_visible\"  ><label class='gfield_label gform-field-label' for='input_5_2'>Company<span class=\"gfield_required\"><span class=\"gfield_required gfield_required_asterisk\">*<\/span><\/span><\/label><div class='ginput_container ginput_container_text'><input name='input_2' id='input_5_2' type='text' value='' class='medium'    placeholder='Company *' aria-required=\"true\" aria-invalid=\"false\"   \/><\/div><\/li><li id=\"field_5_3\" class=\"gfield gfield--type-text gfield_contains_required field_sublabel_below gfield--no-description field_description_below hidden_label field_validation_below gfield_visibility_visible\"  ><label class='gfield_label gform-field-label' for='input_5_3'>Country<span class=\"gfield_required\"><span class=\"gfield_required gfield_required_asterisk\">*<\/span><\/span><\/label><div class='ginput_container ginput_container_text'><input name='input_3' id='input_5_3' type='text' value='' class='medium'    placeholder='Country *' aria-required=\"true\" aria-invalid=\"false\"   \/><\/div><\/li><li id=\"field_5_10\" class=\"gfield gfield--type-phone gfield_contains_required field_sublabel_below gfield--no-description field_description_below hidden_label field_validation_below gfield_visibility_visible\"  ><label class='gfield_label gform-field-label' for='input_5_10'>Phone<span class=\"gfield_required\"><span class=\"gfield_required gfield_required_asterisk\">*<\/span><\/span><\/label><div class='ginput_container ginput_container_phone'><input name='input_10' id='input_5_10' type='tel' value='' class='medium'  placeholder='Phone *' aria-required=\"true\" aria-invalid=\"false\"   \/><\/div><\/li><li id=\"field_5_5\" class=\"gfield gfield--type-text gfield_contains_required field_sublabel_below gfield--no-description field_description_below hidden_label field_validation_below gfield_visibility_visible\"  ><label class='gfield_label gform-field-label' for='input_5_5'>E-mail<span class=\"gfield_required\"><span class=\"gfield_required gfield_required_asterisk\">*<\/span><\/span><\/label><div class='ginput_container ginput_container_text'><input name='input_5' id='input_5_5' type='text' value='' class='medium'    placeholder='E-mail *' aria-required=\"true\" aria-invalid=\"false\"   \/><\/div><\/li><li id=\"field_5_6\" class=\"gfield gfield--type-textarea field_sublabel_below gfield--no-description field_description_below hidden_label field_validation_below gfield_visibility_visible\"  ><label class='gfield_label gform-field-label' for='input_5_6'>Message<\/label><div class='ginput_container ginput_container_textarea'><textarea name='input_6' id='input_5_6' class='textarea medium'    placeholder='Message...'  aria-invalid=\"false\"   rows='10' cols='50'><\/textarea><\/div><\/li><li id=\"field_5_9\" class=\"gfield gfield--type-checkbox gfield--type-choice gfield_contains_required field_sublabel_below gfield--no-description field_description_below hidden_label field_validation_below gfield_visibility_visible\"  ><label class='gfield_label gform-field-label gfield_label_before_complex' >Consent<span class=\"gfield_required\"><span class=\"gfield_required gfield_required_asterisk\">*<\/span><\/span><\/label><div class='ginput_container ginput_container_checkbox'><ul class='gfield_checkbox' id='input_5_9'><li class='gchoice gchoice_5_9_1'>\n\t\t\t\t\t\t\t\t<input class='gfield-choice-input' name='input_9.1' type='checkbox'  value='I agree that you process my personal information in order to create an account. Learn more about how we handle personal information in our &lt;a href=&quot;dataandprivacypolicy\/&quot;&gt;data protection policy&lt;\/a&gt;.'  id='choice_5_9_1'   \/>\n\t\t\t\t\t\t\t\t<label for='choice_5_9_1' id='label_5_9_1' class='gform-field-label gform-field-label--type-inline'>I agree that you process my personal information in order to create an account. Learn more about how we handle personal information in our <a href=\"dataandprivacypolicy\/\">data protection policy<\/a>.<\/label>\n\t\t\t\t\t\t\t<\/li><\/ul><\/div><\/li><li id=\"field_5_12\" class=\"gfield gfield--type-captcha field_sublabel_below gfield--no-description field_description_below field_validation_below gfield_visibility_visible\"  ><label class='gfield_label gform-field-label screen-reader-text' for='input_5_12'><\/label><div id='input_5_12' class='ginput_container ginput_recaptcha' data-sitekey='6Lcj1rkUAAAAAGCu7jG8Tu6JQAwbQb7WE-vmfIHN'  data-theme='light' data-tabindex='0'  data-badge=''><\/div><\/li><\/ul><\/div>\n        <div class='gform-footer gform_footer top_label'> <input type='submit' id='gform_submit_button_5' class='gform_button button' onclick='gform.submission.handleButtonClick(this);' data-submission-type='submit' value='Send'  \/> <input type='hidden' name='gform_ajax' value='form_id=5&amp;title=&amp;description=&amp;tabindex=0&amp;theme=legacy&amp;styles=[]&amp;hash=ce01c7183d64ac37604fa7e8dbeedc9a' \/>\n            <input type='hidden' class='gform_hidden' name='gform_submission_method' data-js='gform_submission_method_5' value='iframe' \/>\n            <input type='hidden' class='gform_hidden' name='gform_theme' data-js='gform_theme_5' id='gform_theme_5' value='legacy' \/>\n            <input type='hidden' class='gform_hidden' name='gform_style_settings' data-js='gform_style_settings_5' id='gform_style_settings_5' value='[]' \/>\n            <input type='hidden' class='gform_hidden' name='is_submit_5' value='1' \/>\n            <input type='hidden' class='gform_hidden' name='gform_submit' value='5' \/>\n            \n            <input type='hidden' class='gform_hidden' name='gform_currency' data-currency='SEK' value='TU1kjQeWfpulDSUyeU3ZtR+N4hp0FrIFiS9HxGv6QJif15Mx\/iBEHHXuJkdQ3BQdUamECnWgFJOo8MGHfg5Z1DQZ3jHIt7YXZnkMZzzwKNmlD3c=' \/>\n            <input type='hidden' class='gform_hidden' name='gform_unique_id' value='' \/>\n            <input type='hidden' class='gform_hidden' name='state_5' value='WyJbXSIsImQyYTUxZjcwZmFiZTgyMDMwMjVhMzIzM2E4MTZjYjRiIl0=' \/>\n            <input type='hidden' autocomplete='off' class='gform_hidden' name='gform_target_page_number_5' id='gform_target_page_number_5' value='0' \/>\n            <input type='hidden' autocomplete='off' class='gform_hidden' name='gform_source_page_number_5' id='gform_source_page_number_5' value='1' \/>\n            <input type='hidden' name='gform_field_values' value='' \/>\n            \n        <\/div>\n                        <\/form>\n                        <\/div>\n\t\t                <iframe style='display:none;width:0px;height:0px;' src='about:blank' name='gform_ajax_frame_5' id='gform_ajax_frame_5' title='This iframe contains the logic required to handle Ajax powered Gravity Forms.'><\/iframe>\n\t\t                <script type=\"text\/javascript\">\n\/* <![CDATA[ *\/\n gform.initializeOnLoaded( function() {gformInitSpinner( 5, 'https:\/\/www.olsbergs.se\/wp-content\/plugins\/gravityforms\/images\/spinner.svg', true );jQuery('#gform_ajax_frame_5').on('load',function(){var contents = jQuery(this).contents().find('*').html();var is_postback = contents.indexOf('GF_AJAX_POSTBACK') >= 0;if(!is_postback){return;}var form_content = jQuery(this).contents().find('#gform_wrapper_5');var is_confirmation = jQuery(this).contents().find('#gform_confirmation_wrapper_5').length > 0;var is_redirect = contents.indexOf('gformRedirect(){') >= 0;var is_form = form_content.length > 0 && ! is_redirect && ! is_confirmation;var mt = parseInt(jQuery('html').css('margin-top'), 10) + parseInt(jQuery('body').css('margin-top'), 10) + 100;if(is_form){form_content.find('form').css('opacity', 0);jQuery('#gform_wrapper_5').html(form_content.html());if(form_content.hasClass('gform_validation_error')){jQuery('#gform_wrapper_5').addClass('gform_validation_error');} else {jQuery('#gform_wrapper_5').removeClass('gform_validation_error');}setTimeout( function() { \/* delay the scroll by 50 milliseconds to fix a bug in chrome *\/ jQuery(document).scrollTop(jQuery('#gform_wrapper_5').offset().top - mt); }, 50 );if(window['gformInitDatepicker']) {gformInitDatepicker();}if(window['gformInitPriceFields']) {gformInitPriceFields();}var current_page = jQuery('#gform_source_page_number_5').val();gformInitSpinner( 5, 'https:\/\/www.olsbergs.se\/wp-content\/plugins\/gravityforms\/images\/spinner.svg', true );jQuery(document).trigger('gform_page_loaded', [5, current_page]);window['gf_submitting_5'] = false;}else if(!is_redirect){var confirmation_content = jQuery(this).contents().find('.GF_AJAX_POSTBACK').html();if(!confirmation_content){confirmation_content = contents;}jQuery('#gform_wrapper_5').replaceWith(confirmation_content);jQuery(document).scrollTop(jQuery('#gf_5').offset().top - mt);jQuery(document).trigger('gform_confirmation_loaded', [5]);window['gf_submitting_5'] = false;wp.a11y.speak(jQuery('#gform_confirmation_message_5').text());}else{jQuery('#gform_5').append(contents);if(window['gformRedirect']) {gformRedirect();}}jQuery(document).trigger(\"gform_pre_post_render\", [{ formId: \"5\", currentPage: \"current_page\", abort: function() { this.preventDefault(); } }]);        if (event && event.defaultPrevented) {                return;        }        const gformWrapperDiv = document.getElementById( \"gform_wrapper_5\" );        if ( gformWrapperDiv ) {            const visibilitySpan = document.createElement( \"span\" );            visibilitySpan.id = \"gform_visibility_test_5\";            gformWrapperDiv.insertAdjacentElement( \"afterend\", visibilitySpan );        }        const visibilityTestDiv = document.getElementById( \"gform_visibility_test_5\" );        let postRenderFired = false;        function triggerPostRender() {            if ( postRenderFired ) {                return;            }            postRenderFired = true;            gform.core.triggerPostRenderEvents( 5, current_page );            if ( visibilityTestDiv ) {                visibilityTestDiv.parentNode.removeChild( visibilityTestDiv );            }        }        function debounce( func, wait, immediate ) {            var timeout;            return function() {                var context = this, args = arguments;                var later = function() {                    timeout = null;                    if ( !immediate ) func.apply( context, args );                };                var callNow = immediate && !timeout;                clearTimeout( timeout );                timeout = setTimeout( later, wait );                if ( callNow ) func.apply( context, args );            };        }        const debouncedTriggerPostRender = debounce( function() {            triggerPostRender();        }, 200 );        if ( visibilityTestDiv && visibilityTestDiv.offsetParent === null ) {            const observer = new MutationObserver( ( mutations ) => {                mutations.forEach( ( mutation ) => {                    if ( mutation.type === 'attributes' && visibilityTestDiv.offsetParent !== null ) {                        debouncedTriggerPostRender();                        observer.disconnect();                    }                });            });            observer.observe( document.body, {                attributes: true,                childList: false,                subtree: true,                attributeFilter: [ 'style', 'class' ],            });        } else {            triggerPostRender();        }    } );} ); \n\/* ]]> *\/\n<\/script>\n\n","protected":false},"excerpt":{"rendered":"<p>Contact Us Welcome to contact us with any questions or concerns. &nbsp; Olsbergs Hydraulics AB Box 17 SE-575 21 Eksj\u00f6 Sweden Tel: +46 (0)381 15075 E-mail: info.olsbergs@hiab.com Delivery address: Maskingatan 3 SE-575 36 EKSJ\u00d6 Sweden Olsbergs Electronics AB Box 267 SE-186 24 Vallentuna Sweden Tel: +46 (0)8 511 858 50 E-mail: info.olsbergs@hiab.com Delivery address: F\u00e5gels\u00e5ngsv\u00e4gen [&hellip;]<\/p>\n","protected":false},"author":1,"featured_media":3393,"parent":0,"menu_order":2,"comment_status":"closed","ping_status":"closed","template":"tmpl_kontakt.php","meta":{"_acf_changed":false,"footnotes":""},"class_list":["post-347","page","type-page","status-publish","has-post-thumbnail","hentry"],"acf":[],"yoast_head":"<!-- This site is optimized with the Yoast SEO plugin v27.4 - https:\/\/yoast.com\/product\/yoast-seo-wordpress\/ -->\r\n<title>Contact &#8211; Olsbergs<\/title>\r\n<meta name=\"robots\" content=\"index, follow, max-snippet:-1, max-image-preview:large, max-video-preview:-1\" \/>\r\n<link rel=\"canonical\" href=\"https:\/\/www.olsbergs.se\/en\/contact\/\" \/>\r\n<meta property=\"og:locale\" content=\"en_US\" \/>\r\n<meta property=\"og:type\" content=\"article\" \/>\r\n<meta property=\"og:title\" content=\"Contact &#8211; Olsbergs\" \/>\r\n<meta property=\"og:description\" content=\"Contact Us Welcome to contact us with any questions or concerns. &nbsp; Olsbergs Hydraulics AB Box 17 SE-575 21 Eksj\u00f6 Sweden Tel: +46 (0)381 15075 E-mail: info.olsbergs@hiab.com Delivery address: Maskingatan 3 SE-575 36 EKSJ\u00d6 Sweden Olsbergs Electronics AB Box 267 SE-186 24 Vallentuna Sweden Tel: +46 (0)8 511 858 50 E-mail: info.olsbergs@hiab.com Delivery address: F\u00e5gels\u00e5ngsv\u00e4gen [&hellip;]\" \/>\r\n<meta property=\"og:url\" content=\"https:\/\/www.olsbergs.se\/en\/contact\/\" \/>\r\n<meta property=\"og:site_name\" content=\"Olsbergs\" \/>\r\n<meta property=\"article:publisher\" content=\"https:\/\/www.facebook.com\/Olsbergs-Hydraulics-AB-1080687478612588\/\" \/>\r\n<meta property=\"article:modified_time\" content=\"2023-04-12T07:00:32+00:00\" \/>\r\n<meta property=\"og:image\" content=\"https:\/\/www.olsbergs.se\/wp-content\/uploads\/utvaldbild_kontakt-2-1.jpg\" \/>\r\n\t<meta property=\"og:image:width\" content=\"1440\" \/>\r\n\t<meta property=\"og:image:height\" content=\"550\" \/>\r\n\t<meta property=\"og:image:type\" content=\"image\/jpeg\" \/>\r\n<meta name=\"twitter:card\" content=\"summary_large_image\" \/>\r\n<meta name=\"twitter:label1\" content=\"Est. reading time\" \/>\n\t<meta name=\"twitter:data1\" content=\"1 minute\" \/>\r\n<script type=\"application\/ld+json\" class=\"yoast-schema-graph\">{\"@context\":\"https:\\\/\\\/schema.org\",\"@graph\":[{\"@type\":\"WebPage\",\"@id\":\"https:\\\/\\\/www.olsbergs.se\\\/en\\\/contact\\\/\",\"url\":\"https:\\\/\\\/www.olsbergs.se\\\/en\\\/contact\\\/\",\"name\":\"Contact &#8211; Olsbergs\",\"isPartOf\":{\"@id\":\"https:\\\/\\\/www.olsbergs.se\\\/en\\\/#website\"},\"primaryImageOfPage\":{\"@id\":\"https:\\\/\\\/www.olsbergs.se\\\/en\\\/contact\\\/#primaryimage\"},\"image\":{\"@id\":\"https:\\\/\\\/www.olsbergs.se\\\/en\\\/contact\\\/#primaryimage\"},\"thumbnailUrl\":\"https:\\\/\\\/www.olsbergs.se\\\/wp-content\\\/uploads\\\/utvaldbild_kontakt-2-1.jpg\",\"datePublished\":\"2018-05-08T08:10:17+00:00\",\"dateModified\":\"2023-04-12T07:00:32+00:00\",\"breadcrumb\":{\"@id\":\"https:\\\/\\\/www.olsbergs.se\\\/en\\\/contact\\\/#breadcrumb\"},\"inLanguage\":\"en-US\",\"potentialAction\":[{\"@type\":\"ReadAction\",\"target\":[\"https:\\\/\\\/www.olsbergs.se\\\/en\\\/contact\\\/\"]}]},{\"@type\":\"ImageObject\",\"inLanguage\":\"en-US\",\"@id\":\"https:\\\/\\\/www.olsbergs.se\\\/en\\\/contact\\\/#primaryimage\",\"url\":\"https:\\\/\\\/www.olsbergs.se\\\/wp-content\\\/uploads\\\/utvaldbild_kontakt-2-1.jpg\",\"contentUrl\":\"https:\\\/\\\/www.olsbergs.se\\\/wp-content\\\/uploads\\\/utvaldbild_kontakt-2-1.jpg\",\"width\":1440,\"height\":550},{\"@type\":\"BreadcrumbList\",\"@id\":\"https:\\\/\\\/www.olsbergs.se\\\/en\\\/contact\\\/#breadcrumb\",\"itemListElement\":[{\"@type\":\"ListItem\",\"position\":1,\"name\":\"Home\",\"item\":\"https:\\\/\\\/www.olsbergs.se\\\/en\\\/\"},{\"@type\":\"ListItem\",\"position\":2,\"name\":\"Contact\"}]},{\"@type\":\"WebSite\",\"@id\":\"https:\\\/\\\/www.olsbergs.se\\\/en\\\/#website\",\"url\":\"https:\\\/\\\/www.olsbergs.se\\\/en\\\/\",\"name\":\"Olsbergs\",\"description\":\"Ledande tillverkare av elektrohydrauliska styrsystem\",\"potentialAction\":[{\"@type\":\"SearchAction\",\"target\":{\"@type\":\"EntryPoint\",\"urlTemplate\":\"https:\\\/\\\/www.olsbergs.se\\\/en\\\/?s={search_term_string}\"},\"query-input\":{\"@type\":\"PropertyValueSpecification\",\"valueRequired\":true,\"valueName\":\"search_term_string\"}}],\"inLanguage\":\"en-US\"}]}<\/script>\r\n<!-- \/ Yoast SEO plugin. -->","yoast_head_json":{"title":"Contact &#8211; Olsbergs","robots":{"index":"index","follow":"follow","max-snippet":"max-snippet:-1","max-image-preview":"max-image-preview:large","max-video-preview":"max-video-preview:-1"},"canonical":"https:\/\/www.olsbergs.se\/en\/contact\/","og_locale":"en_US","og_type":"article","og_title":"Contact &#8211; Olsbergs","og_description":"Contact Us Welcome to contact us with any questions or concerns. &nbsp; Olsbergs Hydraulics AB Box 17 SE-575 21 Eksj\u00f6 Sweden Tel: +46 (0)381 15075 E-mail: info.olsbergs@hiab.com Delivery address: Maskingatan 3 SE-575 36 EKSJ\u00d6 Sweden Olsbergs Electronics AB Box 267 SE-186 24 Vallentuna Sweden Tel: +46 (0)8 511 858 50 E-mail: info.olsbergs@hiab.com Delivery address: F\u00e5gels\u00e5ngsv\u00e4gen [&hellip;]","og_url":"https:\/\/www.olsbergs.se\/en\/contact\/","og_site_name":"Olsbergs","article_publisher":"https:\/\/www.facebook.com\/Olsbergs-Hydraulics-AB-1080687478612588\/","article_modified_time":"2023-04-12T07:00:32+00:00","og_image":[{"width":1440,"height":550,"url":"https:\/\/www.olsbergs.se\/wp-content\/uploads\/utvaldbild_kontakt-2-1.jpg","type":"image\/jpeg"}],"twitter_card":"summary_large_image","twitter_misc":{"Est. reading time":"1 minute"},"schema":{"@context":"https:\/\/schema.org","@graph":[{"@type":"WebPage","@id":"https:\/\/www.olsbergs.se\/en\/contact\/","url":"https:\/\/www.olsbergs.se\/en\/contact\/","name":"Contact &#8211; Olsbergs","isPartOf":{"@id":"https:\/\/www.olsbergs.se\/en\/#website"},"primaryImageOfPage":{"@id":"https:\/\/www.olsbergs.se\/en\/contact\/#primaryimage"},"image":{"@id":"https:\/\/www.olsbergs.se\/en\/contact\/#primaryimage"},"thumbnailUrl":"https:\/\/www.olsbergs.se\/wp-content\/uploads\/utvaldbild_kontakt-2-1.jpg","datePublished":"2018-05-08T08:10:17+00:00","dateModified":"2023-04-12T07:00:32+00:00","breadcrumb":{"@id":"https:\/\/www.olsbergs.se\/en\/contact\/#breadcrumb"},"inLanguage":"en-US","potentialAction":[{"@type":"ReadAction","target":["https:\/\/www.olsbergs.se\/en\/contact\/"]}]},{"@type":"ImageObject","inLanguage":"en-US","@id":"https:\/\/www.olsbergs.se\/en\/contact\/#primaryimage","url":"https:\/\/www.olsbergs.se\/wp-content\/uploads\/utvaldbild_kontakt-2-1.jpg","contentUrl":"https:\/\/www.olsbergs.se\/wp-content\/uploads\/utvaldbild_kontakt-2-1.jpg","width":1440,"height":550},{"@type":"BreadcrumbList","@id":"https:\/\/www.olsbergs.se\/en\/contact\/#breadcrumb","itemListElement":[{"@type":"ListItem","position":1,"name":"Home","item":"https:\/\/www.olsbergs.se\/en\/"},{"@type":"ListItem","position":2,"name":"Contact"}]},{"@type":"WebSite","@id":"https:\/\/www.olsbergs.se\/en\/#website","url":"https:\/\/www.olsbergs.se\/en\/","name":"Olsbergs","description":"Ledande tillverkare av elektrohydrauliska styrsystem","potentialAction":[{"@type":"SearchAction","target":{"@type":"EntryPoint","urlTemplate":"https:\/\/www.olsbergs.se\/en\/?s={search_term_string}"},"query-input":{"@type":"PropertyValueSpecification","valueRequired":true,"valueName":"search_term_string"}}],"inLanguage":"en-US"}]}},"_links":{"self":[{"href":"https:\/\/www.olsbergs.se\/en\/wp-json\/wp\/v2\/pages\/347","targetHints":{"allow":["GET"]}}],"collection":[{"href":"https:\/\/www.olsbergs.se\/en\/wp-json\/wp\/v2\/pages"}],"about":[{"href":"https:\/\/www.olsbergs.se\/en\/wp-json\/wp\/v2\/types\/page"}],"author":[{"embeddable":true,"href":"https:\/\/www.olsbergs.se\/en\/wp-json\/wp\/v2\/users\/1"}],"replies":[{"embeddable":true,"href":"https:\/\/www.olsbergs.se\/en\/wp-json\/wp\/v2\/comments?post=347"}],"version-history":[{"count":5,"href":"https:\/\/www.olsbergs.se\/en\/wp-json\/wp\/v2\/pages\/347\/revisions"}],"predecessor-version":[{"id":5285,"href":"https:\/\/www.olsbergs.se\/en\/wp-json\/wp\/v2\/pages\/347\/revisions\/5285"}],"wp:featuredmedia":[{"embeddable":true,"href":"https:\/\/www.olsbergs.se\/en\/wp-json\/wp\/v2\/media\/3393"}],"wp:attachment":[{"href":"https:\/\/www.olsbergs.se\/en\/wp-json\/wp\/v2\/media?parent=347"}],"curies":[{"name":"wp","href":"https:\/\/api.w.org\/{rel}","templated":true}]}}