{"id":5616,"date":"2025-06-03T14:36:16","date_gmt":"2025-06-03T12:36:16","guid":{"rendered":"https:\/\/www.olsbergs.se\/?page_id=5616"},"modified":"2025-06-05T08:03:48","modified_gmt":"2025-06-05T06:03:48","slug":"we-sponsor","status":"publish","type":"page","link":"https:\/\/www.olsbergs.se\/en\/we-sponsor\/","title":{"rendered":"We sponsor"},"content":{"rendered":"<p>Olsbergs&#8217; commitment to the local community is an important part of our business. We believe in supporting sports clubs and other non-profit initiatives that work to create a positive and safe environment for everyone. By collaborating with these organizations, we can help build stronger communities and promote activities that enrich people&#8217;s lives. We are proud to be able to play a role in making our region an even better place to live and work.<\/p>\n<p>We sponsor the following organisations:<\/p>\n<ul>\n<li><a href=\"https:\/\/www.esls.se\/start\/?ID=395206\">Eksj\u00f6 Sim- och Livr\u00e4ddningss\u00e4llskap<\/a><\/li>\n<li><a href=\"https:\/\/www.laget.se\/EksjoCK\/About\">Eksj\u00f6 Cykelklubb<\/a><\/li>\n<li><a href=\"https:\/\/eksjostadsfest.se\/\">Eksj\u00f6 Stadsfest\/Fiesta<\/a><\/li>\n<li><a href=\"https:\/\/www.laget.se\/EksjoBKHerr\/Sponsor\">Eksj\u00f6 Handbollsklubb<\/a><\/li>\n<li><a href=\"https:\/\/www.laget.se\/EksjoFotboll\/Sponsor\">Eksj\u00f6 Fotbollsklubb<\/a><\/li>\n<li><a href=\"https:\/\/www.lionsclubs.org\/en\">Lions<\/a><\/li>\n<li><a href=\"https:\/\/nattvandrarna.se\/\">Nattvandrarna<\/a><\/li>\n<li><a href=\"https:\/\/ikfrej.se\/\">IK Frej<\/a><\/li>\n<li><a href=\"https:\/\/www.svenskalag.se\/vallentunafotboll\/om\">Vallentuna Fotboll<\/a><\/li>\n<li><a href=\"https:\/\/www.vhk.nu\/About\">Vallentuna Handboll<\/a><\/li>\n<\/ul>\n","protected":false},"excerpt":{"rendered":"<p>Olsbergs&#8217; commitment to the local community is an important part of our business. We believe in supporting sports clubs and other non-profit initiatives that work to create a positive and safe environment for everyone. By collaborating with these organizations, we can help build stronger communities and promote activities that enrich people&#8217;s lives. We are proud [&hellip;]<\/p>\n","protected":false},"author":4,"featured_media":5625,"parent":0,"menu_order":10,"comment_status":"closed","ping_status":"closed","template":"","meta":{"_acf_changed":false,"footnotes":""},"class_list":["post-5616","page","type-page","status-publish","has-post-thumbnail","hentry"],"acf":[],"yoast_head":"<!-- This site is optimized with the Yoast SEO plugin v27.4 - https:\/\/yoast.com\/product\/yoast-seo-wordpress\/ -->\r\n<title>We sponsor &#8211; Olsbergs<\/title>\r\n<meta name=\"robots\" content=\"index, follow, max-snippet:-1, max-image-preview:large, max-video-preview:-1\" \/>\r\n<link rel=\"canonical\" href=\"https:\/\/www.olsbergs.se\/en\/we-sponsor\/\" \/>\r\n<meta property=\"og:locale\" content=\"en_US\" \/>\r\n<meta property=\"og:type\" content=\"article\" \/>\r\n<meta property=\"og:title\" content=\"We sponsor &#8211; Olsbergs\" \/>\r\n<meta property=\"og:description\" content=\"Olsbergs&#8217; commitment to the local community is an important part of our business. We believe in supporting sports clubs and other non-profit initiatives that work to create a positive and safe environment for everyone. By collaborating with these organizations, we can help build stronger communities and promote activities that enrich people&#8217;s lives. We are proud [&hellip;]\" \/>\r\n<meta property=\"og:url\" content=\"https:\/\/www.olsbergs.se\/en\/we-sponsor\/\" \/>\r\n<meta property=\"og:site_name\" content=\"Olsbergs\" \/>\r\n<meta property=\"article:publisher\" content=\"https:\/\/www.facebook.com\/Olsbergs-Hydraulics-AB-1080687478612588\/\" \/>\r\n<meta property=\"article:modified_time\" content=\"2025-06-05T06:03:48+00:00\" \/>\r\n<meta property=\"og:image\" content=\"https:\/\/www.olsbergs.se\/wp-content\/uploads\/sponsring-1.png\" \/>\r\n\t<meta property=\"og:image:width\" content=\"1140\" \/>\r\n\t<meta property=\"og:image:height\" content=\"550\" \/>\r\n\t<meta property=\"og:image:type\" content=\"image\/png\" \/>\r\n<meta name=\"twitter:card\" content=\"summary_large_image\" \/>\r\n<meta name=\"twitter:label1\" content=\"Est. reading time\" \/>\n\t<meta name=\"twitter:data1\" content=\"1 minute\" \/>\r\n<script type=\"application\/ld+json\" class=\"yoast-schema-graph\">{\"@context\":\"https:\\\/\\\/schema.org\",\"@graph\":[{\"@type\":\"WebPage\",\"@id\":\"https:\\\/\\\/www.olsbergs.se\\\/en\\\/we-sponsor\\\/\",\"url\":\"https:\\\/\\\/www.olsbergs.se\\\/en\\\/we-sponsor\\\/\",\"name\":\"We sponsor &#8211; Olsbergs\",\"isPartOf\":{\"@id\":\"https:\\\/\\\/www.olsbergs.se\\\/en\\\/#website\"},\"primaryImageOfPage\":{\"@id\":\"https:\\\/\\\/www.olsbergs.se\\\/en\\\/we-sponsor\\\/#primaryimage\"},\"image\":{\"@id\":\"https:\\\/\\\/www.olsbergs.se\\\/en\\\/we-sponsor\\\/#primaryimage\"},\"thumbnailUrl\":\"https:\\\/\\\/www.olsbergs.se\\\/wp-content\\\/uploads\\\/sponsring-1.png\",\"datePublished\":\"2025-06-03T12:36:16+00:00\",\"dateModified\":\"2025-06-05T06:03:48+00:00\",\"breadcrumb\":{\"@id\":\"https:\\\/\\\/www.olsbergs.se\\\/en\\\/we-sponsor\\\/#breadcrumb\"},\"inLanguage\":\"en-US\",\"potentialAction\":[{\"@type\":\"ReadAction\",\"target\":[\"https:\\\/\\\/www.olsbergs.se\\\/en\\\/we-sponsor\\\/\"]}]},{\"@type\":\"ImageObject\",\"inLanguage\":\"en-US\",\"@id\":\"https:\\\/\\\/www.olsbergs.se\\\/en\\\/we-sponsor\\\/#primaryimage\",\"url\":\"https:\\\/\\\/www.olsbergs.se\\\/wp-content\\\/uploads\\\/sponsring-1.png\",\"contentUrl\":\"https:\\\/\\\/www.olsbergs.se\\\/wp-content\\\/uploads\\\/sponsring-1.png\",\"width\":1140,\"height\":550},{\"@type\":\"BreadcrumbList\",\"@id\":\"https:\\\/\\\/www.olsbergs.se\\\/en\\\/we-sponsor\\\/#breadcrumb\",\"itemListElement\":[{\"@type\":\"ListItem\",\"position\":1,\"name\":\"Home\",\"item\":\"https:\\\/\\\/www.olsbergs.se\\\/en\\\/\"},{\"@type\":\"ListItem\",\"position\":2,\"name\":\"We sponsor\"}]},{\"@type\":\"WebSite\",\"@id\":\"https:\\\/\\\/www.olsbergs.se\\\/en\\\/#website\",\"url\":\"https:\\\/\\\/www.olsbergs.se\\\/en\\\/\",\"name\":\"Olsbergs\",\"description\":\"Ledande tillverkare av elektrohydrauliska styrsystem\",\"potentialAction\":[{\"@type\":\"SearchAction\",\"target\":{\"@type\":\"EntryPoint\",\"urlTemplate\":\"https:\\\/\\\/www.olsbergs.se\\\/en\\\/?s={search_term_string}\"},\"query-input\":{\"@type\":\"PropertyValueSpecification\",\"valueRequired\":true,\"valueName\":\"search_term_string\"}}],\"inLanguage\":\"en-US\"}]}<\/script>\r\n<!-- \/ Yoast SEO plugin. -->","yoast_head_json":{"title":"We sponsor &#8211; Olsbergs","robots":{"index":"index","follow":"follow","max-snippet":"max-snippet:-1","max-image-preview":"max-image-preview:large","max-video-preview":"max-video-preview:-1"},"canonical":"https:\/\/www.olsbergs.se\/en\/we-sponsor\/","og_locale":"en_US","og_type":"article","og_title":"We sponsor &#8211; Olsbergs","og_description":"Olsbergs&#8217; commitment to the local community is an important part of our business. We believe in supporting sports clubs and other non-profit initiatives that work to create a positive and safe environment for everyone. By collaborating with these organizations, we can help build stronger communities and promote activities that enrich people&#8217;s lives. We are proud [&hellip;]","og_url":"https:\/\/www.olsbergs.se\/en\/we-sponsor\/","og_site_name":"Olsbergs","article_publisher":"https:\/\/www.facebook.com\/Olsbergs-Hydraulics-AB-1080687478612588\/","article_modified_time":"2025-06-05T06:03:48+00:00","og_image":[{"width":1140,"height":550,"url":"https:\/\/www.olsbergs.se\/wp-content\/uploads\/sponsring-1.png","type":"image\/png"}],"twitter_card":"summary_large_image","twitter_misc":{"Est. reading time":"1 minute"},"schema":{"@context":"https:\/\/schema.org","@graph":[{"@type":"WebPage","@id":"https:\/\/www.olsbergs.se\/en\/we-sponsor\/","url":"https:\/\/www.olsbergs.se\/en\/we-sponsor\/","name":"We sponsor &#8211; Olsbergs","isPartOf":{"@id":"https:\/\/www.olsbergs.se\/en\/#website"},"primaryImageOfPage":{"@id":"https:\/\/www.olsbergs.se\/en\/we-sponsor\/#primaryimage"},"image":{"@id":"https:\/\/www.olsbergs.se\/en\/we-sponsor\/#primaryimage"},"thumbnailUrl":"https:\/\/www.olsbergs.se\/wp-content\/uploads\/sponsring-1.png","datePublished":"2025-06-03T12:36:16+00:00","dateModified":"2025-06-05T06:03:48+00:00","breadcrumb":{"@id":"https:\/\/www.olsbergs.se\/en\/we-sponsor\/#breadcrumb"},"inLanguage":"en-US","potentialAction":[{"@type":"ReadAction","target":["https:\/\/www.olsbergs.se\/en\/we-sponsor\/"]}]},{"@type":"ImageObject","inLanguage":"en-US","@id":"https:\/\/www.olsbergs.se\/en\/we-sponsor\/#primaryimage","url":"https:\/\/www.olsbergs.se\/wp-content\/uploads\/sponsring-1.png","contentUrl":"https:\/\/www.olsbergs.se\/wp-content\/uploads\/sponsring-1.png","width":1140,"height":550},{"@type":"BreadcrumbList","@id":"https:\/\/www.olsbergs.se\/en\/we-sponsor\/#breadcrumb","itemListElement":[{"@type":"ListItem","position":1,"name":"Home","item":"https:\/\/www.olsbergs.se\/en\/"},{"@type":"ListItem","position":2,"name":"We sponsor"}]},{"@type":"WebSite","@id":"https:\/\/www.olsbergs.se\/en\/#website","url":"https:\/\/www.olsbergs.se\/en\/","name":"Olsbergs","description":"Ledande tillverkare av elektrohydrauliska styrsystem","potentialAction":[{"@type":"SearchAction","target":{"@type":"EntryPoint","urlTemplate":"https:\/\/www.olsbergs.se\/en\/?s={search_term_string}"},"query-input":{"@type":"PropertyValueSpecification","valueRequired":true,"valueName":"search_term_string"}}],"inLanguage":"en-US"}]}},"_links":{"self":[{"href":"https:\/\/www.olsbergs.se\/en\/wp-json\/wp\/v2\/pages\/5616","targetHints":{"allow":["GET"]}}],"collection":[{"href":"https:\/\/www.olsbergs.se\/en\/wp-json\/wp\/v2\/pages"}],"about":[{"href":"https:\/\/www.olsbergs.se\/en\/wp-json\/wp\/v2\/types\/page"}],"author":[{"embeddable":true,"href":"https:\/\/www.olsbergs.se\/en\/wp-json\/wp\/v2\/users\/4"}],"replies":[{"embeddable":true,"href":"https:\/\/www.olsbergs.se\/en\/wp-json\/wp\/v2\/comments?post=5616"}],"version-history":[{"count":4,"href":"https:\/\/www.olsbergs.se\/en\/wp-json\/wp\/v2\/pages\/5616\/revisions"}],"predecessor-version":[{"id":5637,"href":"https:\/\/www.olsbergs.se\/en\/wp-json\/wp\/v2\/pages\/5616\/revisions\/5637"}],"wp:featuredmedia":[{"embeddable":true,"href":"https:\/\/www.olsbergs.se\/en\/wp-json\/wp\/v2\/media\/5625"}],"wp:attachment":[{"href":"https:\/\/www.olsbergs.se\/en\/wp-json\/wp\/v2\/media?parent=5616"}],"curies":[{"name":"wp","href":"https:\/\/api.w.org\/{rel}","templated":true}]}}